{"id":1275970,"date":"2023-09-05T16:58:51","date_gmt":"2023-09-05T21:58:51","guid":{"rendered":"https:\/\/tienda.silkeborg-peru.com\/policy-cookies\/"},"modified":"2024-01-23T11:37:24","modified_gmt":"2024-01-23T16:37:24","slug":"politica-cookies","status":"publish","type":"page","link":"https:\/\/tienda.silkeborg-peru.com\/es\/politica-cookies\/","title":{"rendered":"Policy Cookies"},"content":{"rendered":"<p class=\"p1\"><b>\u00bfA qui\u00e9nes les alcanza de la pol\u00edtica?<\/b><\/p>\n<p class=\"p2\">Para efectos de esta Pol\u00edtica toda referencia a \u201cnos\u201d, \u201cnosotros\u201d o \u201cnuestra\u201d, se refiere a Silkeborg y cuando se refiera a \u201cel Usuario\u201d o \u201clos Usuarios\u201d, se entender\u00e1 a todos aquellos distintos a Silkeborg que naveguen dentro de los Sitios Web.<\/p>\n<p class=\"p2\">Este sitio web utiliza cookies propias, para asegurarnos de brindarle la mejor experiencia de navegaci\u00f3n. Si contin\u00faa navegando, asumiremos que acepta su uso.<\/p>\n<p class=\"p1\"><b>\u00bfQu\u00e9 es una Cookie?<\/b><\/p>\n<p class=\"p2\">Una cookie (o galleta inform\u00e1tica) es una peque\u00f1a informaci\u00f3n enviada por un sitio web y almacenada en el navegador del usuario, de manera que el sitio web puede consultar la actividad previa del usuario.<\/p>\n<p class=\"p2\">Sus principales funciones son:<\/p>\n<ul class=\"ul1\">\n<li class=\"li3\">Llevar el control de usuarios: cuando un usuario introduce su nombre de usuario y contrase\u00f1a, se almacena una cookie para que no tenga que estar introduci\u00e9ndolas para cada p\u00e1gina del servidor. Sin embargo, una cookie no identifica solo a una persona, sino a una combinaci\u00f3n de computador-navegador-usuario.<\/li>\n<li class=\"li1\">Conseguir informaci\u00f3n sobre los h\u00e1bitos de navegaci\u00f3n del usuario, e intentos de spyware (programas esp\u00eda)<b>\u00bfPara qu\u00e9 se emplea una cookie?<br \/>\n<\/b>Las cookies nos facilitan poder adaptar mejor nuestro contenido y productos a sus intereses. Con las cookies esto es posible porque los sitios web pueden leer y escribir estos archivos.<\/li>\n<\/ul>\n<p class=\"p2\">Las cookies tambi\u00e9n permiten grabar datos estad\u00edsticos sobre el consumo del contenido ofrecido en el sitio web.<\/p>\n<p class=\"p4\"><b>\u00bfQu\u00e9 tipo de cookies se utilizan?<\/b><\/p>\n<ul class=\"ul1\">\n<li class=\"li3\">Cookies propias: Se gestionan desde nuestro terminal y dominio de nuestro editor.<\/li>\n<li class=\"li3\">Cookies de sesi\u00f3n: Los datos recabados s\u00f3lo se recogen mientras el usuario est\u00e1 navegando por la p\u00e1gina web.<\/li>\n<li class=\"li3\">Las cookies t\u00e9cnicas: Nos permite controlar el tr\u00e1fico y la comunicaci\u00f3n de datos.<\/li>\n<li class=\"li3\">Las de personalizaci\u00f3n: Se les permite a los usuarios acceder seg\u00fan algunas caracter\u00edsticas propias que se recogen (navegador, idioma, etc.).<\/li>\n<li class=\"li3\">Las de an\u00e1lisis nos permite recoger datos sobre el comportamiento de los usuarios y tambi\u00e9n nos permiten elaborar un perfil de usuario.<\/li>\n<li class=\"li3\">Las publicitarias recogen datos sobre la gesti\u00f3n de los espacios publicitarios.<\/li>\n<\/ul>\n<p class=\"p2\">Nosotros usamos cada una de las cookies mencionados.<\/p>\n<p class=\"p4\"><b>\u00bfC\u00f3mo puedo manejar las cookies?<\/b><\/p>\n<p class=\"p2\">Los navegadores web est\u00e1n configurados por defecto para aceptar autom\u00e1ticamente las cookies, pero se puede cambiar los ajustes para bloquear las cookies o alertar cuando se env\u00eden cookies a su dispositivo.<\/p>\n<p class=\"p2\">Es importante comprender que si se borran todas las cookies de un dispositivo, deber\u00e1 volver a acceder con su usuario y clave a todos los sitios web que lo requieran.<\/p>\n<p class=\"p2\">Enlaces de inter\u00e9s<\/p>\n<ul class=\"ul1\">\n<li class=\"li5\"><a href=\"https:\/\/support.google.com\/chrome\/answer\/95647?hl=es-ES\"><span class=\"s2\">Uso de cookies en Chrome<\/span><\/a><\/li>\n<li class=\"li5\"><a href=\"https:\/\/support.mozilla.org\/es\/kb\/limpiar-el-historial-de-navegacion-busquedas-y-des\"><span class=\"s2\">Uso de cookies en Firefox<\/span><\/a><\/li>\n<li class=\"li5\"><a href=\"https:\/\/support.apple.com\/kb\/PH5042?locale=es_ES\"><span class=\"s2\">Uso de cookies en Safari<\/span><\/a><\/li>\n<li class=\"li5\"><a href=\"https:\/\/support.microsoft.com\/es-es\/help\/278835\/how-to-delete-cookie-files-in-internet-explorer\"><span class=\"s2\">Uso de cookies en Internet Explorer<\/span><\/a><\/li>\n<li class=\"li3\"><span class=\"s3\"><a href=\"https:\/\/www.ccleaner.com\/es-es\"><span class=\"s2\">Borrar todas las cookies y archivos temporales<\/span><\/a><\/span><b>Control de los \u00abCookies\u00bb y otras tecnolog\u00edas<br \/>\n<\/b>Las cookies pueden borrarse del disco duro si el Usuario as\u00ed lo desea. La mayor\u00eda de los navegadores aceptan las cookies de forma autom\u00e1tica, pero le permiten al Usuario cambiar la configuraci\u00f3n de su navegador para que rechace la instalaci\u00f3n de cookies, sin que ello perjudique su acceso y navegaci\u00f3n por los Sitios Web y las Aplicaciones.<\/li>\n<\/ul>\n<p class=\"p2\">Es importante recalcar que, en algunos casos, el impedir la generaci\u00f3n de algunos \u201cCookies\u201d espec\u00edficos; podr\u00eda generar que varias funciones dejen de estar disponibles o que partes del sitio web no se carguen.<\/p>\n<p class=\"p2\">En el supuesto de que en los Sitios Web y las Aplicaciones se dispusieran enlaces o hiperv\u00ednculos hacia otros lugares de Internet propiedad de terceros que utilicen cookies, Silkeborg no se hace responsable ni controla el uso de cookies por parte de dichos terceros.<\/p>\n<p class=\"p4\"><b>Consentimiento<\/b><\/p>\n<p class=\"p2\">Silkeborg puede tratar la informaci\u00f3n recopilada a trav\u00e9s de \u201cCookies\u201d, siempre que el Usuario brinde su consentimiento al ingresar a cualquiera de nuestros sitios web y aplicaciones, salvo en los casos en que las \u201cCookies\u201d sean necesarias para la operatividad y navegaci\u00f3n de las mismas.<\/p>\n<p class=\"p2\">En caso de que el Usuario preste su consentimiento, Silkeborg podr\u00e1 utilizar \u201cCookies\u201d que permitan obtener informaci\u00f3n acerca de sus preferencias, con el fin de personalizar nuestros sitios web y aplicaciones, de acuerdo con sus intereses.<\/p>\n<p class=\"p4\"><b>Revisi\u00f3n y modificaci\u00f3n de la Pol\u00edtica de Cookies<\/b><\/p>\n<p class=\"p2\">Silkeborg se reserva expresamente el derecho a modificar, actualizar o completar en cualquier momento la presente Pol\u00edtica. Cualquier modificaci\u00f3n, actualizaci\u00f3n o ampliaci\u00f3n producida en la presente Pol\u00edtica ser\u00e1 inmediatamente publicada en los Sitios Web.<\/p>\n<p class=\"p2\">Fecha de \u00faltima actualizaci\u00f3n: 11\/11\/2019<\/p>\n<p class=\"p4\"><b>Disclaimer de Cookies<\/b><\/p>\n<p class=\"p2\">Silkeborg gestiona este sitio web y utiliza cookies y tecnolog\u00edas similares (en adelante \u201cCookies\u201d) propias. Acepte las condiciones para continuar navegando en nuestro sitio web sin restricci\u00f3n alguna; de lo contrario, algunas funciones podr\u00edan no estar disponibles. Puede obtener m\u00e1s informaci\u00f3n en nuestra Pol\u00edtica de Cookies.<\/p>\n","protected":false},"excerpt":{"rendered":"<p>\u00bfA qui\u00e9nes les alcanza de la pol\u00edtica? Para efectos de esta Pol\u00edtica toda referencia a \u201cnos\u201d, \u201cnosotros\u201d o \u201cnuestra\u201d, se refiere a Silkeborg y cuando se refiera a \u201cel Usuario\u201d&hellip;<\/p>\n","protected":false},"author":44,"featured_media":0,"parent":0,"menu_order":0,"comment_status":"closed","ping_status":"closed","template":"","meta":{"footnotes":""},"class_list":["post-1275970","page","type-page","status-publish","hentry"],"_links":{"self":[{"href":"https:\/\/tienda.silkeborg-peru.com\/es\/wp-json\/wp\/v2\/pages\/1275970","targetHints":{"allow":["GET"]}}],"collection":[{"href":"https:\/\/tienda.silkeborg-peru.com\/es\/wp-json\/wp\/v2\/pages"}],"about":[{"href":"https:\/\/tienda.silkeborg-peru.com\/es\/wp-json\/wp\/v2\/types\/page"}],"author":[{"embeddable":true,"href":"https:\/\/tienda.silkeborg-peru.com\/es\/wp-json\/wp\/v2\/users\/44"}],"replies":[{"embeddable":true,"href":"https:\/\/tienda.silkeborg-peru.com\/es\/wp-json\/wp\/v2\/comments?post=1275970"}],"version-history":[{"count":1,"href":"https:\/\/tienda.silkeborg-peru.com\/es\/wp-json\/wp\/v2\/pages\/1275970\/revisions"}],"predecessor-version":[{"id":1308727,"href":"https:\/\/tienda.silkeborg-peru.com\/es\/wp-json\/wp\/v2\/pages\/1275970\/revisions\/1308727"}],"wp:attachment":[{"href":"https:\/\/tienda.silkeborg-peru.com\/es\/wp-json\/wp\/v2\/media?parent=1275970"}],"curies":[{"name":"wp","href":"https:\/\/api.w.org\/{rel}","templated":true}]}}