{"id":1311122,"date":"2025-01-31T10:42:07","date_gmt":"2025-01-31T15:42:07","guid":{"rendered":"https:\/\/tienda.silkeborg-peru.com\/?page_id=1311122"},"modified":"2025-01-31T10:42:07","modified_gmt":"2025-01-31T15:42:07","slug":"certificaciones","status":"publish","type":"page","link":"https:\/\/tienda.silkeborg-peru.com\/es\/certificaciones\/","title":{"rendered":"Certificaciones"},"content":{"rendered":"<p>[vc_row][vc_column width=\u00bb1\/2&#8243;][vc_column_text]<\/p>\n<h2><\/h2>\n<h2><\/h2>\n<h2><\/h2>\n<h2><\/h2>\n<h2><\/h2>\n<h2 style=\"text-align: center;\">POR UN MEJOR<\/h2>\n<h1 style=\"text-align: center;\"><strong>FUTURO<\/strong><\/h1>\n<p>[\/vc_column_text][vc_column_text]Estamos en un viaje de sostenibilidad. Un viaje para elaborar productos de alta calidad a partir de los mejores materiales naturales teniendo en cuenta el inter\u00e9s del medio ambiente.[\/vc_column_text][\/vc_column][vc_column width=\u00bb1\/2&#8243;][vc_gallery type=\u00bbimage_grid\u00bb images=\u00bb1311068&#8243; img_size=\u00bb500&#215;500&#8243; onclick=\u00bb\u00bb][\/vc_column][\/vc_row][vc_row][vc_column width=\u00bb1\/2&#8243;][vc_single_image image=\u00bb1311112&#8243; img_size=\u00bb900&#215;900&#8243;][\/vc_column][vc_column width=\u00bb1\/2&#8243;][vc_column_text]<\/p>\n<h2><\/h2>\n<h2 style=\"text-align: center;\"><strong>CERTIFICACIONES RWS &amp; RAS<\/strong><\/h2>\n<p>En Silkeborg Uldspinderi estamos muy orgullosos de nuestra colecci\u00f3n, que muestra la belleza de nuestro patrimonio, la naturaleza y el cambio de estaciones. Tambi\u00e9n refleja nuestro compromiso inquebrantable con productos de gran calidad.<\/p>\n<p>Silkeborg Uldspinderi cuenta con la certificaci\u00f3n Responsible Wool Standard (RWS) y Responsible Alpaca Standard (RAS), que certifica y rastrea la lana y la fibra de alpaca desde el origen hasta el producto final. Est\u00e1 certificado por Control Union CUC-891558.<\/p>\n<p>Si bien adoptamos la sostenibilidad y el bienestar animal, la calidad duradera siempre ser\u00e1 el factor m\u00e1s importante. El Est\u00e1ndar de Lana Responsable (RWS) y el Est\u00e1ndar de Alpaca Responsable (RAS) requieren que se implementen pr\u00e1cticas de bienestar animal, bienestar social y manejo responsable de la tierra en la granja de ovejas y alpacas.[\/vc_column_text][\/vc_column][\/vc_row][vc_row][vc_column width=\u00bb1\/2&#8243;][vc_column_text]<\/p>\n<h2><\/h2>\n<h2><\/h2>\n<h2 style=\"text-align: center;\"><strong>MARCA DE ORIGEN DE ALPACA<\/strong><\/h2>\n<p>La MARCA ALPACA garantiza el contenido y calidad de la fibra de alpaca utilizada en los diferentes productos que ostentan la MARCA ALPACA. Se trata, pues, de un compromiso de excelencia de todos los que pertenecemos a la Asociaci\u00f3n Internacional de la Alpaca (AIA) para proteger a las empresas y a los consumidores.<\/p>\n<p>&nbsp;<\/p>\n<h2><\/h2>\n<h2 style=\"text-align: center;\"><strong>WOOLMARK<\/strong><\/h2>\n<p>El ic\u00f3nico logotipo de Woolmark garantiza productos de m\u00e1xima calidad con durabilidad longeva, rendimiento superior y la mejor lana. Representa una promesa de durabilidad inigualable, rendimiento excepcional y contenido de fibra superior en cada producto certificado.[\/vc_column_text][\/vc_column][vc_column width=\u00bb1\/2&#8243;][vc_gallery type=\u00bbimage_grid\u00bb images=\u00bb1311109&#8243; img_size=\u00bb900&#215;900&#8243; onclick=\u00bb\u00bb][\/vc_column][\/vc_row]<\/p>\n","protected":false},"excerpt":{"rendered":"<p>[vc_row][vc_column width=\u00bb1\/2&#8243;][vc_column_text] POR UN MEJOR FUTURO [\/vc_column_text][vc_column_text]Estamos en un viaje de sostenibilidad. Un viaje para elaborar productos de alta calidad a partir de los mejores materiales naturales teniendo en cuenta&hellip;<\/p>\n","protected":false},"author":11,"featured_media":0,"parent":0,"menu_order":0,"comment_status":"closed","ping_status":"closed","template":"","meta":{"footnotes":""},"class_list":["post-1311122","page","type-page","status-publish","hentry"],"_links":{"self":[{"href":"https:\/\/tienda.silkeborg-peru.com\/es\/wp-json\/wp\/v2\/pages\/1311122","targetHints":{"allow":["GET"]}}],"collection":[{"href":"https:\/\/tienda.silkeborg-peru.com\/es\/wp-json\/wp\/v2\/pages"}],"about":[{"href":"https:\/\/tienda.silkeborg-peru.com\/es\/wp-json\/wp\/v2\/types\/page"}],"author":[{"embeddable":true,"href":"https:\/\/tienda.silkeborg-peru.com\/es\/wp-json\/wp\/v2\/users\/11"}],"replies":[{"embeddable":true,"href":"https:\/\/tienda.silkeborg-peru.com\/es\/wp-json\/wp\/v2\/comments?post=1311122"}],"version-history":[{"count":12,"href":"https:\/\/tienda.silkeborg-peru.com\/es\/wp-json\/wp\/v2\/pages\/1311122\/revisions"}],"predecessor-version":[{"id":1311137,"href":"https:\/\/tienda.silkeborg-peru.com\/es\/wp-json\/wp\/v2\/pages\/1311122\/revisions\/1311137"}],"wp:attachment":[{"href":"https:\/\/tienda.silkeborg-peru.com\/es\/wp-json\/wp\/v2\/media?parent=1311122"}],"curies":[{"name":"wp","href":"https:\/\/api.w.org\/{rel}","templated":true}]}}