{"id":23,"date":"2019-11-25T12:34:25","date_gmt":"2019-11-25T17:34:25","guid":{"rendered":"https:\/\/206.189.70.106\/?page_id=23"},"modified":"2024-01-23T11:39:04","modified_gmt":"2024-01-23T16:39:04","slug":"preguntas-frecuentes","status":"publish","type":"page","link":"https:\/\/tienda.silkeborg-peru.com\/es\/preguntas-frecuentes\/","title":{"rendered":"Preguntas Frecuentes"},"content":{"rendered":"<p>[vc_row][vc_column][vc_toggle title=\u00bb1.- \u00bfC\u00f3mo comprar en Silkeborg ?\u00bb]<\/p>\n<p class=\"p1\">Desde silkeborg-peru.com<span class=\"Apple-converted-space\">\u00a0 <\/span>puedes comprar los productos que agregas a tu carrito compras, luego en el checkout podr\u00e1s selecci\u00f3n el formato de despacho y hacer el pago por tu compra. Finalmente te llega un correo de confirmaci\u00f3n con los detalles de tu compra.<\/p>\n<p>[\/vc_toggle][vc_toggle title=\u00bb2.- \u00bfCu\u00e1nto cobran por Delivery?\u00bb]<\/p>\n<p class=\"p1\">El costo de env\u00edo depende del distrito o provincia donde se encuentre el cliente.<\/p>\n<p>[\/vc_toggle][vc_toggle title=\u00bb3.- \u00bfCu\u00e1l es el horario de despacho?\u00bb]<\/p>\n<p class=\"p1\">El despacho se realizar\u00e1 24 horas despu\u00e9s de realizar su pedido en el horario de las 1 pm hasta las 6:00 pm de lunes a viernes y s\u00e1bados de 1pm a 5pm (no domingos, ni feriados).<\/p>\n<p>[\/vc_toggle][vc_toggle title=\u00bb4.- \u00bfC\u00f3mo comprar?\u00bb]<\/p>\n<p class=\"p1\">Usted puede realizar un pedido a trav\u00e9s de nuestro sitio web Oficial silkeborg-peru.com, d\u00f3nde podr\u00e1s registrarte y realizar tu compra.<\/p>\n<p>[\/vc_toggle][vc_toggle title=\u00bb5.- \u00bfCu\u00e1ndo demora el pedido en llegar a mi casa?\u00bb]<\/p>\n<p class=\"p1\">Usted tiene la opci\u00f3n de programar su fecha de entrega en nuestro calendario dentro de la p\u00e1gina web. La hora de llegada estar\u00e1 de acuerdo a nuestros horarios de despacho.<\/p>\n<p>[\/vc_toggle][vc_toggle title=\u00bb6.- Cu\u00e1les son los medios de pago?\u00bb]<\/p>\n<p class=\"p1\">Los productos ofrecidos en este sitio s\u00f3lo podr\u00e1n ser pagados bajo 2 modalidades:<\/p>\n<ol class=\"ol1\">\n<li class=\"li2\"><span class=\"s1\">Pagos con Mercado Pago: Aceptamos tarjetas de cr\u00e9dito y d\u00e9bito Visa, MasterCard, American Express y Diners. Los montos aprobados ser\u00e1n retenidos o cobrados a la tarjeta utilizada al momento de la compra, utilizamos las pasarelas de pago m\u00e1s confiables de nuestro pa\u00eds<\/span><\/li>\n<\/ol>\n<p>[\/vc_toggle][\/vc_column][\/vc_row]<\/p>\n","protected":false},"excerpt":{"rendered":"<p>[vc_row][vc_column][vc_toggle title=\u00bb1.- \u00bfC\u00f3mo comprar en Silkeborg ?\u00bb] Desde silkeborg-peru.com\u00a0 puedes comprar los productos que agregas a tu carrito compras, luego en el checkout podr\u00e1s selecci\u00f3n el formato de despacho y&hellip;<\/p>\n","protected":false},"author":1,"featured_media":0,"parent":0,"menu_order":0,"comment_status":"closed","ping_status":"closed","template":"","meta":{"footnotes":""},"class_list":["post-23","page","type-page","status-publish","hentry"],"_links":{"self":[{"href":"https:\/\/tienda.silkeborg-peru.com\/es\/wp-json\/wp\/v2\/pages\/23","targetHints":{"allow":["GET"]}}],"collection":[{"href":"https:\/\/tienda.silkeborg-peru.com\/es\/wp-json\/wp\/v2\/pages"}],"about":[{"href":"https:\/\/tienda.silkeborg-peru.com\/es\/wp-json\/wp\/v2\/types\/page"}],"author":[{"embeddable":true,"href":"https:\/\/tienda.silkeborg-peru.com\/es\/wp-json\/wp\/v2\/users\/1"}],"replies":[{"embeddable":true,"href":"https:\/\/tienda.silkeborg-peru.com\/es\/wp-json\/wp\/v2\/comments?post=23"}],"version-history":[{"count":14,"href":"https:\/\/tienda.silkeborg-peru.com\/es\/wp-json\/wp\/v2\/pages\/23\/revisions"}],"predecessor-version":[{"id":1308730,"href":"https:\/\/tienda.silkeborg-peru.com\/es\/wp-json\/wp\/v2\/pages\/23\/revisions\/1308730"}],"wp:attachment":[{"href":"https:\/\/tienda.silkeborg-peru.com\/es\/wp-json\/wp\/v2\/media?parent=23"}],"curies":[{"name":"wp","href":"https:\/\/api.w.org\/{rel}","templated":true}]}}