{"id":27,"date":"2019-11-25T12:35:12","date_gmt":"2019-11-25T17:35:12","guid":{"rendered":"https:\/\/206.189.70.106\/?page_id=27"},"modified":"2024-02-05T11:07:07","modified_gmt":"2024-02-05T16:07:07","slug":"terminos-y-condiciones","status":"publish","type":"page","link":"https:\/\/tienda.silkeborg-peru.com\/es\/terminos-y-condiciones\/","title":{"rendered":"T\u00e9rminos y condiciones"},"content":{"rendered":"<p>Bienvenidos a tienda.<strong>SILKEBORG<\/strong>-peru.com (<strong>SILKEBORG<\/strong>). A continuaci\u00f3n, podr\u00e1s leer los t\u00e9rminos y condiciones a trav\u00e9s de los cuales podr\u00e1s tener acceso y uso de la p\u00e1gina tienda.<strong>SILKEBORG<\/strong>-peru.com en el Per\u00fa. Al acceder y hacer uso de nuestros servicios, aceptas que has le\u00eddo, entiendes y est\u00e1s de acuerdo con las condiciones descritas en esta secci\u00f3n \u00abT\u00e9rminos y Condiciones\u00bb, as\u00ed como por la legislaci\u00f3n que se aplique en la Rep\u00fablica de Per\u00fa.<\/p>\n<p>Los T\u00e9rminos y Condiciones contenidos en este instrumento se aplicar\u00e1n y se entender\u00e1 que forman parte de todos los actos y contratos que se ejecuten o celebren mediante los sistemas de oferta y comercializaci\u00f3n comprendidos en este sitio web entre los usuarios de este sitio y <strong>SILKEBORG<\/strong> (que se denominar\u00e1 en adelante en forma indistinta como \u00abla empresa\u00bb, o bien \u00abla empresa oferente\u00bb, \u00abel proveedor\u00bb o \u00abla empresa proveedora\u00bb, seg\u00fan convenga al sentido del texto).<\/p>\n<p>Es requisito para hacer ordenes de pedidos o compras en la Tienda Virtual de <strong>SILKEBORG<\/strong> la aceptaci\u00f3n de los T\u00e9rminos y Condiciones de ventas descritos a continuaci\u00f3n. En ese sentido, cualquier persona que realice una transacci\u00f3n en la Tienda Virtual de <strong>SILKEBORG<\/strong> o a trav\u00e9s de los n\u00fameros telef\u00f3nicos o correos electr\u00f3nicos que <strong>SILKEBORG<\/strong> destine para tal efecto, declara y reconoce, por el solo hecho de efectuar la orden del pedido o la compra, que conoce y acepta todos y cada uno de los T\u00e9rminos y Condiciones descritos a continuaci\u00f3n. Se entender\u00e1n conocidos y aceptados los T\u00e9rminos y Condiciones por el solo hecho de la compra de productos a trav\u00e9s de este sitio.<\/p>\n<p><strong>SILKEBORG<\/strong> se reserva el derecho de actualizar y\/o modificar los T\u00e9rminos y Condiciones que detallamos a continuaci\u00f3n en cualquier momento, sin previo aviso y sin notificaci\u00f3n . Por esta raz\u00f3n, recomendamos revisar los T\u00e9rminos y Condiciones cada vez que utilice este sitio web y\/o se realice una transacci\u00f3n a trav\u00e9s de este sitio web, o a trav\u00e9s de los n\u00fameros telef\u00f3nicos o correos electr\u00f3nicos que <strong>SILKEBORG<\/strong> destine para tal efecto.<\/p>\n<p>Por favor lea cuidadosamente estos t\u00e9rminos de uso. Si no est\u00e1 de acuerdo y no acepta estos t\u00e9rminos y condiciones, es mejor no utilizar esta p\u00e1gina web.<\/p>\n<p>&nbsp;<\/p>\n<p><strong>1. REGISTRO DEL USUARIO O CLIENTE<\/strong><\/p>\n<p><strong>\u00a0<\/strong>Para comprar productos en el sitio, es necesario estar registrado. Podr\u00e1 registrarse de la siguiente forma:<\/p>\n<p>&#8211; Solicitando la creaci\u00f3n de un usuario a trav\u00e9s del correo <a href=\"mailto:info@silkeborg-peru.com\"><span style=\"color: #0000ff;\">info@silkeborg-peru.com<\/span><\/a>.<\/p>\n<p>Al registrarse acepta que:<\/p>\n<p>1) Proveer\u00e1 informaci\u00f3n sobre la empresa que representa y sus datos personales de contacto.<\/p>\n<p>Es importante recordar que ser\u00e1 responsable por la veracidad de toda la informaci\u00f3n que nos otorgue y de mantener la confidencialidad y seguridad de la informaci\u00f3n de su cuenta. La informaci\u00f3n enviada para la creaci\u00f3n del usuario se considerar\u00e1 verdadera, cierta e inequ\u00edvoca, eximi\u00e9ndose a <strong>SILKEBORG<\/strong> de cualquier consecuencia generada a causa de informaci\u00f3n falsa o incorrecta ingresada por el usuario. Si consideramos que la informaci\u00f3n registrada es falsa, nos reservaremos el derecho a desactivar su cuenta.<\/p>\n<p>Los usuarios que se registren no tendr\u00e1n que ingresar sus datos por cada compra posterior que realicen. Estos datos se almacenar\u00e1n en un lugar seguro y se manejar\u00e1n de acuerdo con la pol\u00edtica de privacidad.<\/p>\n<p>&nbsp;<\/p>\n<p><strong>2. CONTRASE\u00d1A<\/strong><\/p>\n<p>Una vez se haya registrado y creado una cuenta, podr\u00e1 acceder a la misma con su correo electr\u00f3nico registrado y contrase\u00f1a creada. Este acceso ser\u00e1 personalizado, confidencial y seguro. Tendr\u00e1 la posibilidad de cambiar la contrase\u00f1a, para lo cual deber\u00e1 sujetarse al procedimiento establecido en el sitio web: www.tienda.<strong>SILKEBORG<\/strong>-peru.com<\/p>\n<p>Ser\u00e1 el \u00fanico responsable del mantenimiento de la confidencialidad del correo electr\u00f3nico y contrase\u00f1a registrada en este sitio web. Ambos le permitir\u00e1n ingresar a su cuenta, realizar pedidos y obtener informaci\u00f3n de estos. Dicha contrase\u00f1a es de uso personal y su entrega a terceros, por parte del usuario, exime de responsabilidad alguna a <strong>SILKEBORG<\/strong>.<\/p>\n<p>En consecuencia, de lo expuesto anteriormente, el usuario acepta a responsabilizarse<\/p>\n<p>econ\u00f3micamente de cualquier tipo de uso de este sitio web (incluyendo el uso por parte de terceros en nombre del usuario; entre las que tambi\u00e9n se contemplan menores sin restricciones que convivan con el usuario).<\/p>\n<p>&nbsp;<\/p>\n<p><strong>3. DERECHOS DEL USUARIO EN ESTE SITIO<\/strong><\/p>\n<p><strong>\u00a0<\/strong>El usuario gozar\u00e1 de los derechos que le reconoce la legislaci\u00f3n sobre protecci\u00f3n al consumidor vigente en el territorio del Per\u00fa, y adem\u00e1s los que se le otorgan en estos t\u00e9rminos y condiciones.<\/p>\n<p>La sola visita a este sitio web, en el cual se ofrecen determinados bienes y el acceso a determinados servicios, no impone al consumidor obligaci\u00f3n alguna, a menos que haya aceptado en forma inequ\u00edvoca las condiciones ofrecidas por <strong>SILKEBORG<\/strong>, en la forma indicada en el correo electr\u00f3nico, sitio web y en estos T\u00e9rminos y Condiciones.<\/p>\n<p>&nbsp;<\/p>\n<p><strong>4. CANALES DE COMUNICACI\u00d3N<\/strong><\/p>\n<ol>\n<li><strong>\u00a0<\/strong>Portal: https:\/\/www.<strong>SILKEBORG<\/strong>-peru.com\/es\/contacto\/<\/li>\n<li>Consultas\/Reclamos\/Otros: de lunes a jueves de 9 a.m. a 4 p.m. y viernes de 9 a.m. a 1 p.m. o a trav\u00e9s del siguiente correo electr\u00f3nico: info@<strong>silkeborg<\/strong>-peru.com<\/li>\n<\/ol>\n<p><strong>5. HORARIO DE ATENCI\u00d3N Y DESPACHO<\/strong><\/p>\n<p>El horario de atenci\u00f3n del sitio web ser\u00e1 durante las 24h. Es decir, se pueden efectuar pedidos durante todo el d\u00eda, no obstante, los pedidos ser\u00e1n atendidos de lunes a jueves en el horario de 10:00am a 4:00pm y viernes de 10:00am a 1:00pm (excluyendo feriados) y seg\u00fan se coordine v\u00eda correo electr\u00f3nico, ser\u00e1n despachados en la fecha que se acuerde para tal fin.<\/p>\n<p>&nbsp;<\/p>\n<p><strong>6. DEVOLUCI\u00d3N DE PRODUCTOS<\/strong><\/p>\n<p><strong>\u00a0<\/strong>El usuario s\u00f3lo podr\u00e1 solicitar la anulaci\u00f3n de la compra y posterior devoluci\u00f3n en caso de que se haya entregado un producto errado o con fallas de fabricaci\u00f3n. Para tal fin se deben cumplir los siguientes requisitos:<\/p>\n<ul>\n<li>Enviar una foto del producto errado o con fallas como m\u00e1ximo 24 horas de recibido.<\/li>\n<li>Si es un producto errado, \u00e9ste debe estar en buen estado y no mostrar evidencia de uso (manchas, arrugas, etc.).<\/li>\n<li>Presentar la boleta \/ factura de compra<\/li>\n<\/ul>\n<p>Cumplidos estos requisitos, la empresa proceder\u00e1 a emitir una nota de cr\u00e9dito a favor del usuario por el valor de los productos errados o con fallas.<\/p>\n<p>&nbsp;<\/p>\n<p><strong>7. MEDIOS DE PAGO QUE SE PODR\u00c1N UTILIZAR <\/strong><\/p>\n<p><strong>\u00a0<\/strong>Los productos ofrecidos en este sitio, salvo que se se\u00f1ale una forma diferente de pago para casos particulares u ofertas de determinados bienes, solo podr\u00e1n ser pagados bajo la modalidad de transferencia bancaria o pago en l\u00ednea el cual ser\u00e1 enviado al correo electr\u00f3nico registrado.<\/p>\n<p>&nbsp;<\/p>\n<p><strong>8. FORMACI\u00d3N DEL CONSENTIMIENTO EN LOS CONTRATOS CELEBRADOS A TRAV\u00c9S DE ESTE SITIO<\/strong><\/p>\n<p>A trav\u00e9s de este sitio web, la empresa realizar\u00e1 ofertas de bienes, que podr\u00e1n ser aceptadas v\u00eda electr\u00f3nica o telef\u00f3nica, y utilizando los mecanismos que el mismo sitio ofrece para ello. Toda aceptaci\u00f3n de oferta quedar\u00e1 sujeta a la condici\u00f3n suspensiva de que <strong>SILKEBORG<\/strong> valide la transacci\u00f3n. En consecuencia, para toda operaci\u00f3n que se efect\u00fae en este sitio web, la confirmaci\u00f3n y\/o validaci\u00f3n o verificaci\u00f3n por parte de <strong>SILKEBORG<\/strong>, ser\u00e1 requisito esencial para la formaci\u00f3n del consentimiento, esta podr\u00e1 ser solicitada a trav\u00e9s de cuadros en formularios de la web o por correo electr\u00f3nico.<\/p>\n<p>Para validar la transacci\u00f3n, mientras usted realiza el proceso de compra online (web) y a trav\u00e9s de correo electr\u00f3nico, <strong>SILKEBORG<\/strong> verifica lo siguiente:<\/p>\n<ol>\n<li>El precio del art\u00edculo de la orden.<\/li>\n<li>El medio de pago ofrecido por el usuario.<\/li>\n<li>Si fuera usuario registrado, que los datos registrados por el cliente en el sitio web coinciden con los proporcionados al efectuar la aceptaci\u00f3n de la oferta.<\/li>\n<li>Que exista stock del producto ofertado<\/li>\n<\/ol>\n<p>La validaci\u00f3n de datos se realiza a trav\u00e9s de la aceptaci\u00f3n de la confirmaci\u00f3n de la orden de compra por correo electr\u00f3nico. Al finalizar la compra, <strong>SILKEBORG<\/strong> env\u00eda un correo electr\u00f3nico.<\/p>\n<p>&nbsp;<\/p>\n<p><strong>9. VIGENCIA Y VALIDEZ DE LOS PRODUCTOS CONTENIDOS EN ESTE SITIO<\/strong><\/p>\n<p>Los precios de los productos publicados en este sitio web, se encuentran vigentes \u00fanicamente mientras aparezcan en \u00e9l. <strong>SILKEBORG<\/strong> podr\u00e1 modificar cualquier informaci\u00f3n, incluyendo el precio, contenida en este sitio en cualquier momento y sin previo aviso, hasta el momento de recibir una solicitud de compra.<\/p>\n<p>&nbsp;<\/p>\n<p><strong>10. EXENCI\u00d3N DE RESPONSABILIDAD: <\/strong><\/p>\n<p>El contenido del presente sitio web puede tener errores tipogr\u00e1ficos y\/o datos incorrectos, el cual podr\u00e1 ser variado o cambiado de manera peri\u00f3dica por <strong>SILKEBORG<\/strong> y\/o sus proveedores, a fin de incluir cambios o mejoras al contenido, sin necesidad de realizar una previa notificaci\u00f3n.<\/p>\n<p>Sin embargo, <strong>SILKEBORG<\/strong> no tiene obligaci\u00f3n o responsabilidad, ni realiza garant\u00eda alguna, sobre la informaci\u00f3n, software, productos y\/o servicios incluidos en el mismo.\u00a0 <strong>SILKEBORG<\/strong> no ser\u00e1 responsable por ning\u00fan tipo de virus o cualquier otro da\u00f1o que pueda sufrir la computadora o el sistema de computadora del usuario por el acceso al sitio web as\u00ed como por la descarga de material de cualquier tipo o especie que aparezca en el mismo.<\/p>\n<p><strong>SILKEBORG<\/strong> se reserva el derecho de ofrecer productos y\/o servicios a \u00e1reas o localizaciones espec\u00edficas sin tener la obligaci\u00f3n de ampliar la aplicaci\u00f3n de los mismos a todos los lugares en los cuales preste sus servicios.\u00a0 La falta de identificaci\u00f3n de las \u00e1reas o localizaciones en las cuales se ofrece el producto y\/o servicio dentro del presente sitio web no constituye obligaci\u00f3n alguna para <strong>SILKEBORG<\/strong> de ampliar el \u00e1mbito de aplicaci\u00f3n de los mismos a otras \u00e1reas o localizaciones.<\/p>\n<p>El presente sitio web pudiera contener v\u00ednculos con otros sitios web. <strong>SILKEBORG<\/strong> no se hace responsable por el contenido o informaci\u00f3n de los a los que accede el usuario a trav\u00e9s del presente sitio web.<\/p>\n<p>&nbsp;<\/p>\n<p><strong>11. ENMIENDAS Y MODIFICACIONES<\/strong><\/p>\n<p><strong>SILKEBORG<\/strong> se reserva el derecho de revisar, enmendar, reformar y\/o modificar los t\u00e9rminos y condiciones del presente acuerdo. El usuario tiene la obligaci\u00f3n de hacer revisiones peri\u00f3dicas de dichos t\u00e9rminos y condiciones, dado que el uso posterior del sitio web constituye una aceptaci\u00f3n expresa de los t\u00e9rminos y condiciones modificados por parte del usuario.<\/p>\n","protected":false},"excerpt":{"rendered":"<p>Bienvenidos a tienda.SILKEBORG-peru.com (SILKEBORG). A continuaci\u00f3n, podr\u00e1s leer los t\u00e9rminos y condiciones a trav\u00e9s de los cuales podr\u00e1s tener acceso y uso de la p\u00e1gina tienda.SILKEBORG-peru.com en el Per\u00fa. Al&hellip;<\/p>\n","protected":false},"author":1,"featured_media":0,"parent":0,"menu_order":0,"comment_status":"closed","ping_status":"closed","template":"","meta":{"footnotes":""},"class_list":["post-27","page","type-page","status-publish","hentry"],"_links":{"self":[{"href":"https:\/\/tienda.silkeborg-peru.com\/es\/wp-json\/wp\/v2\/pages\/27","targetHints":{"allow":["GET"]}}],"collection":[{"href":"https:\/\/tienda.silkeborg-peru.com\/es\/wp-json\/wp\/v2\/pages"}],"about":[{"href":"https:\/\/tienda.silkeborg-peru.com\/es\/wp-json\/wp\/v2\/types\/page"}],"author":[{"embeddable":true,"href":"https:\/\/tienda.silkeborg-peru.com\/es\/wp-json\/wp\/v2\/users\/1"}],"replies":[{"embeddable":true,"href":"https:\/\/tienda.silkeborg-peru.com\/es\/wp-json\/wp\/v2\/comments?post=27"}],"version-history":[{"count":3,"href":"https:\/\/tienda.silkeborg-peru.com\/es\/wp-json\/wp\/v2\/pages\/27\/revisions"}],"predecessor-version":[{"id":1308884,"href":"https:\/\/tienda.silkeborg-peru.com\/es\/wp-json\/wp\/v2\/pages\/27\/revisions\/1308884"}],"wp:attachment":[{"href":"https:\/\/tienda.silkeborg-peru.com\/es\/wp-json\/wp\/v2\/media?parent=27"}],"curies":[{"name":"wp","href":"https:\/\/api.w.org\/{rel}","templated":true}]}}