{"id":29,"date":"2019-11-25T12:35:22","date_gmt":"2019-11-25T17:35:22","guid":{"rendered":"https:\/\/206.189.70.106\/?page_id=29"},"modified":"2025-01-31T10:53:52","modified_gmt":"2025-01-31T15:53:52","slug":"silkeborg","status":"publish","type":"page","link":"https:\/\/tienda.silkeborg-peru.com\/es\/silkeborg\/","title":{"rendered":"Silkeborg"},"content":{"rendered":"<p>[vc_row full_width=\u00bbstretch_row\u00bb content_placement=\u00bbmiddle\u00bb css=\u00bb.vc_custom_1736800660391{margin-bottom: 40px !important;padding-top: 40px !important;padding-bottom: 40px !important;background-color: #eae8e1 !important;}\u00bb el_class=\u00bbsection1&#8211;about\u00bb][vc_column width=\u00bb1\/3&#8243; el_class=\u00bbsection1-item1&#8211;about\u00bb][vc_single_image image=\u00bb1310993&#8243; img_size=\u00bbfull\u00bb alignment=\u00bbcenter\u00bb style=\u00bbvc_box_shadow\u00bb css_animation=\u00bbfadeIn\u00bb el_class=\u00bbmb0&#8243;][\/vc_column][vc_column width=\u00bb1\/3&#8243; el_class=\u00bbsection1-item3&#8211;about\u00bb][vc_single_image image=\u00bb1310860&#8243; img_size=\u00bblarge\u00bb alignment=\u00bbcenter\u00bb style=\u00bbvc_box_shadow\u00bb css_animation=\u00bbfadeIn\u00bb el_class=\u00bbmb0&#8243;][\/vc_column][vc_column width=\u00bb1\/3&#8243;][vc_column_text el_class=\u00bbsection1-title&#8211;about\u00bb]<\/p>\n<h1><strong>CALIDAD Y<\/strong><br \/>\nEXCLUSIVIDAD<\/h1>\n<p>[\/vc_column_text][vc_single_image image=\u00bb1310995&#8243; img_size=\u00bbfull\u00bb style=\u00bbvc_box_shadow\u00bb css_animation=\u00bbfadeIn\u00bb][\/vc_column][\/vc_row][vc_row content_placement=\u00bbmiddle\u00bb css=\u00bb.vc_custom_1736800688507{padding-bottom: 40px !important;}\u00bb el_class=\u00bbsection2&#8211;about\u00bb][vc_column width=\u00bb1\/2&#8243; el_class=\u00bbsection2-item1&#8211;about\u00bb][vc_column_text el_class=\u00bbsection2-title&#8211;about\u00bb]<\/p>\n<h3><strong>Prendas de lujo hechas de<\/strong><br \/>\nuna de las fibras mas finas<br \/>\ndel mundo<\/h3>\n<p><a href=\"https:\/\/tienda.silkeborg-peru.com\/es\/codigo-de-conducta\/\">CODIGO DE CONDUCTA<\/a>[\/vc_column_text][\/vc_column][vc_column width=\u00bb1\/2&#8243; el_class=\u00bbsection2-item2&#8211;about\u00bb][vc_column_text el_class=\u00bbinfo&#8211;static-page\u00bb]Silkeborg Uldspinderi se fund\u00f3 en la ciudad danesa de Silkeborg en 1987. Sin embargo, la empresa se remonta a la d\u00e9cada de 1940, cuando se fund\u00f3 la primera hilander\u00eda de lana de la familia. Desde entonces, la lana cruda y la alpaca han sido el foco de atenci\u00f3n de Silkeborg Uldspinderi, y la fascinaci\u00f3n por estos materiales naturales \u00fanicos se ha mantenido intacta a lo largo de los a\u00f1os.[\/vc_column_text][\/vc_column][\/vc_row][vc_row css=\u00bb.vc_custom_1736542572605{padding-bottom: 40px !important;}\u00bb][vc_column][vc_separator css=\u00bb.vc_custom_1736542596303{margin-bottom: 0px !important;}\u00bb][\/vc_column][\/vc_row][vc_row css=\u00bb.vc_custom_1736543776985{padding-bottom: 80px !important;}\u00bb][vc_column][vc_column_text el_class=\u00bbsection3-title&#8211;about\u00bb]<\/p>\n<h3 style=\"text-align: center;\">\u00bfQu\u00e9 nos hace diferentes?<\/h3>\n<p>[\/vc_column_text][vc_row_inner el_class=\u00bbsection3-info-container&#8211;about\u00bb][vc_column_inner el_class=\u00bbsection3-info-wrapper&#8211;about\u00bb width=\u00bb1\/3&#8243;][vc_single_image image=\u00bb1310953&#8243; img_size=\u00bb60&#215;60&#8243; el_class=\u00bbmb0&#8243;][vc_column_text el_class=\u00bbsection3-info&#8211;about\u00bb]<\/p>\n<h5><strong>CONFIABILIDAD FINANCIERA<\/strong><\/h5>\n<p>Silkeborg es una empresa financiera s\u00f3lida Organizaci\u00f3n con calificaci\u00f3n AAA que le garantiza un comercio seguro.[\/vc_column_text][\/vc_column_inner][vc_column_inner el_class=\u00bbsection3-info-wrapper&#8211;about\u00bb width=\u00bb1\/3&#8243;][vc_single_image image=\u00bb1310955&#8243; img_size=\u00bb60&#215;60&#8243; el_class=\u00bbmb0&#8243;][vc_column_text el_class=\u00bbsection3-info&#8211;about\u00bb]<\/p>\n<h5><strong>EXPERIENCIA<\/strong><\/h5>\n<p>M\u00e1s de 25 a\u00f1os ofreciendo productos de alta calidad, desde tiendas peque\u00f1as a las m\u00e1s grandes marcas.[\/vc_column_text][\/vc_column_inner][vc_column_inner el_class=\u00bbsection3-info-wrapper&#8211;about\u00bb width=\u00bb1\/3&#8243;][vc_single_image image=\u00bb1310957&#8243; img_size=\u00bb60&#215;60&#8243; el_class=\u00bbmb0&#8243;][vc_column_text el_class=\u00bbsection3-info&#8211;about\u00bb]<\/p>\n<h5><strong>SERVICIO DE STOCK<\/strong><\/h5>\n<p>De nuestra l\u00ednea completa, que nos permite atender entregas en breve.[\/vc_column_text][\/vc_column_inner][\/vc_row_inner][\/vc_column][\/vc_row][vc_row content_placement=\u00bbbottom\u00bb css=\u00bb.vc_custom_1736800748828{padding-bottom: 80px !important;}\u00bb el_class=\u00bbsection4&#8211;about\u00bb][vc_column width=\u00bb7\/12&#8243; el_class=\u00bbsection4-item1&#8211;about\u00bb][vc_images_carousel images=\u00bb1310980,1310982,1310984,1310986,1310988&#8243; img_size=\u00bbfull\u00bb onclick=\u00bblink_no\u00bb hide_pagination_control=\u00bbyes\u00bb el_class=\u00bbmb0 section4-gallery&#8211;about\u00bb][\/vc_column][vc_column width=\u00bb5\/12&#8243; el_class=\u00bbsection4-item2&#8211;about\u00bb][vc_column_text el_class=\u00bbsection4-title&#8211;about\u00bb]<\/p>\n<h5><strong>Silkeborg Uldspinderi Per\u00fa<\/strong><\/h5>\n<p>En 2011, Silkeborg abri\u00f3 una oficina en Per\u00fa para organizar el negocio de la alpaca y brindar la mejor productos, manteniendo la base de la flexibilidad, a nuestra organizaci\u00f3n europea. Hoy ofrecemos nuestros productos. a todo el continente americano. Suministramos alpaca mantas, chales, cojines y telas de lana para la moda, interior, textil hogar, hoteler\u00eda y restaurante.[\/vc_column_text][\/vc_column][\/vc_row][vc_row][vc_column el_class=\u00bbnewsletter-wrapper&#8211;legal\u00bb][vc_column_text el_class=\u00bbtitle-newsletter&#8211;legal\u00bb]<\/p>\n<h1 style=\"text-align: center;\">Reg\u00edstrate en nuestro<br \/>\nnewsletter<\/h1>\n<p>[\/vc_column_text]\n<div class=\"wpcf7 no-js\" id=\"wpcf7-f249-o1\" lang=\"es-ES\" dir=\"ltr\" data-wpcf7-id=\"249\">\n<div class=\"screen-reader-response\"><p role=\"status\" aria-live=\"polite\" aria-atomic=\"true\"><\/p> <ul><\/ul><\/div>\n<form action=\"\/es\/wp-json\/wp\/v2\/pages\/29#wpcf7-f249-o1\" method=\"post\" class=\"wpcf7-form init\" aria-label=\"Formulario de contacto\" novalidate=\"novalidate\" data-status=\"init\">\n<fieldset class=\"hidden-fields-container\"><input type=\"hidden\" name=\"_wpcf7\" value=\"249\" \/><input type=\"hidden\" name=\"_wpcf7_version\" value=\"6.1.5\" \/><input type=\"hidden\" name=\"_wpcf7_locale\" value=\"es_ES\" \/><input type=\"hidden\" name=\"_wpcf7_unit_tag\" value=\"wpcf7-f249-o1\" \/><input type=\"hidden\" name=\"_wpcf7_container_post\" value=\"0\" \/><input type=\"hidden\" name=\"_wpcf7_posted_data_hash\" value=\"\" \/>\n<\/fieldset>\n<div class=\"form-newsletter-legal\">\n\t<p><span class=\"wpcf7-form-control-wrap\" data-name=\"Email\"><input size=\"40\" maxlength=\"400\" class=\"wpcf7-form-control wpcf7-email wpcf7-validates-as-required wpcf7-text wpcf7-validates-as-email\" aria-required=\"true\" aria-invalid=\"false\" placeholder=\"Ingresa tu email\" value=\"\" type=\"email\" name=\"Email\" \/><\/span><br \/>\n<input class=\"wpcf7-form-control wpcf7-submit has-spinner\" type=\"submit\" value=\"Enviar\" \/>\n\t<\/p>\n<\/div>\n<div class=\"form-wrapper-legal\">\n\t<p><span class=\"wpcf7-form-control-wrap\" data-name=\"Terminos\"><span class=\"wpcf7-form-control wpcf7-acceptance\"><span class=\"wpcf7-list-item\"><label><input type=\"checkbox\" name=\"Terminos\" value=\"1\" aria-invalid=\"false\" \/><span class=\"wpcf7-list-item-label\">Acepto los <a href=\"\/terminos-y-condiciones\" target=\"_blank\">T\u00e9rminos y Condiciones<\/a> de Silkeborg Uldspinderi.<\/span><\/label><\/span><\/span><\/span>\n\t<\/p>\n<\/div><div class=\"wpcf7-response-output\" aria-hidden=\"true\"><\/div>\n<\/form>\n<\/div>\n[\/vc_column][\/vc_row]<\/p>\n","protected":false},"excerpt":{"rendered":"<p>[vc_row full_width=\u00bbstretch_row\u00bb content_placement=\u00bbmiddle\u00bb css=\u00bb.vc_custom_1736800660391{margin-bottom: 40px !important;padding-top: 40px !important;padding-bottom: 40px !important;background-color: #eae8e1 !important;}\u00bb el_class=\u00bbsection1&#8211;about\u00bb][vc_column width=\u00bb1\/3&#8243; el_class=\u00bbsection1-item1&#8211;about\u00bb][vc_single_image image=\u00bb1310993&#8243; img_size=\u00bbfull\u00bb alignment=\u00bbcenter\u00bb style=\u00bbvc_box_shadow\u00bb css_animation=\u00bbfadeIn\u00bb el_class=\u00bbmb0&#8243;][\/vc_column][vc_column width=\u00bb1\/3&#8243; el_class=\u00bbsection1-item3&#8211;about\u00bb][vc_single_image image=\u00bb1310860&#8243; img_size=\u00bblarge\u00bb alignment=\u00bbcenter\u00bb style=\u00bbvc_box_shadow\u00bb css_animation=\u00bbfadeIn\u00bb el_class=\u00bbmb0&#8243;][\/vc_column][vc_column width=\u00bb1\/3&#8243;][vc_column_text&hellip;<\/p>\n","protected":false},"author":1,"featured_media":0,"parent":0,"menu_order":0,"comment_status":"closed","ping_status":"closed","template":"","meta":{"footnotes":""},"class_list":["post-29","page","type-page","status-publish","hentry"],"_links":{"self":[{"href":"https:\/\/tienda.silkeborg-peru.com\/es\/wp-json\/wp\/v2\/pages\/29","targetHints":{"allow":["GET"]}}],"collection":[{"href":"https:\/\/tienda.silkeborg-peru.com\/es\/wp-json\/wp\/v2\/pages"}],"about":[{"href":"https:\/\/tienda.silkeborg-peru.com\/es\/wp-json\/wp\/v2\/types\/page"}],"author":[{"embeddable":true,"href":"https:\/\/tienda.silkeborg-peru.com\/es\/wp-json\/wp\/v2\/users\/1"}],"replies":[{"embeddable":true,"href":"https:\/\/tienda.silkeborg-peru.com\/es\/wp-json\/wp\/v2\/comments?post=29"}],"version-history":[{"count":76,"href":"https:\/\/tienda.silkeborg-peru.com\/es\/wp-json\/wp\/v2\/pages\/29\/revisions"}],"predecessor-version":[{"id":1311138,"href":"https:\/\/tienda.silkeborg-peru.com\/es\/wp-json\/wp\/v2\/pages\/29\/revisions\/1311138"}],"wp:attachment":[{"href":"https:\/\/tienda.silkeborg-peru.com\/es\/wp-json\/wp\/v2\/media?parent=29"}],"curies":[{"name":"wp","href":"https:\/\/api.w.org\/{rel}","templated":true}]}}