{"id":3,"date":"2019-11-25T18:22:06","date_gmt":"2019-11-25T17:22:06","guid":{"rendered":"https:\/\/206.189.70.106\/?page_id=3"},"modified":"2024-02-05T11:06:20","modified_gmt":"2024-02-05T16:06:20","slug":"politicas-de-privacidad","status":"publish","type":"page","link":"https:\/\/tienda.silkeborg-peru.com\/es\/politicas-de-privacidad\/","title":{"rendered":"Pol\u00edtica de privacidad"},"content":{"rendered":"<p>Silkeborg Uldspinderi S.A.C, (en adelante <strong>Silkeborg<\/strong>), RUC: 20543861333, con domicilio en Calle Francisco del Castillo N\u00b0 480, Miraflores, Lima Metropolitana, Lima, Peru. Respeta su derecho a la privacidad on-line cuando usa nuestra p\u00e1gina web y se comunica electr\u00f3nicamente con nosotros. Por eso, como parte de nuestro compromiso, para cumplir con sus expectativas, hemos establecido una pol\u00edtica de privacidad para los usuarios de nuestras p\u00e1ginas web. La presente pol\u00edtica formaliza nuestro compromiso con la protecci\u00f3n y correcto uso de los datos de los usuarios y clientes que podamos manejar.<\/p>\n<p>Conforme a La Ley de Protecci\u00f3n de Datos Personales, en el uso de medios electr\u00f3nicos, Silkeborg considerar\u00e1 que usted ha brindado adecuadamente su consentimiento o ha le\u00eddo esta Pol\u00edtica, cuando usted disponga en \u201chacer clic\u201d, \u201ccliquear\u201d o \u201cpinchar\u201d, \u201cdar un toque\u201d, \u201ctouch\u201d o \u201cpad\u201d u otros similares cuando se le pregunte por su aceptaci\u00f3n a los presentes t\u00e9rminos aplicables al tratamiento de sus datos personales en los formularios de este sitio web.<\/p>\n<p>&nbsp;<\/p>\n<p><strong>1. La informaci\u00f3n que recolectamos a trav\u00e9s de nuestro sitio web.<\/strong><\/p>\n<p>Solo recolectamos los datos personales que usted nos desee proporcionar o que son necesarios para brindarle y mejorar nuestros productos y servicios, y para los fines que se describen en el punto 3 de la presente Pol\u00edtica y que usted acepta libremente. Nosotros recolectamos informaci\u00f3n personal como: nombre y apellidos, tel\u00e9fono, correo electr\u00f3nico; y\/o institucional directa como: RUC, Raz\u00f3n Social, domicilio empresa, cargo, tel\u00e9fono.<\/p>\n<p>&nbsp;<\/p>\n<p><strong>2. Guardamos su informaci\u00f3n de manera segura.<\/strong><\/p>\n<p><strong>\u00a0<\/strong>Usted puede confiar en que Silkeborg ha adoptado todas las medidas t\u00e9cnicas y organizacionales necesarias para garantizar la seguridad y confidencialidad de su informaci\u00f3n personal, y para evitar cualquier manipulaci\u00f3n indebida, p\u00e9rdida, destrucci\u00f3n o acceso no autorizado por parte de terceros a esta informaci\u00f3n empleando los medios adecuados para contrarrestarlos.<\/p>\n<p>&nbsp;<\/p>\n<p><strong>3. Finalidades del tratamiento de sus datos personales<\/strong><\/p>\n<p>Los datos personales que usted proporciona a trav\u00e9s del formulario \u201cContacto\u201d del sitio web de Silkeborg ser\u00e1n tratados para los siguientes fines: i) atender consultas, solicitudes o requerimientos, quejas o reclamos realizados mediante este formulario. En este caso almacenaremos sus datos personales por el plazo necesario para atender su requerimiento m\u00e1s 3 meses. Dicha informaci\u00f3n ser\u00e1 almacenada en el banco de datos personales denominado \u201cUsuarios del sitio web\u201d. Los campos marcados con un asterisco (*) son de obligatoria entrega<\/p>\n<p>Los datos personales que usted proporciona para realizar compras en nuestro sitio web de Silkeborg ser\u00e1n tratados para los siguientes fines: i) Darle de alta como usuario de nuestra plataforma, en la que podr\u00e1 mantener su historial de b\u00fasqueda y compras; ii) Procesar y ejecutar \u00f3rdenes de compras; iii) Establecer un canal de comunicaci\u00f3n para coordinar el env\u00edo de los productos adquiridos; iv) Acciones de cobranza]; y, v) atenci\u00f3n de quejas y reclamos. En este caso almacenaremos sus datos personales por el plazo que dure la relaci\u00f3n contractual m\u00e1s 10 a\u00f1os. Dicha informaci\u00f3n ser\u00e1 almacenada en el banco de datos personales denominado \u201cClientes\u201d.<\/p>\n<p>Si nos autoriza expresamente utilizaremos sus datos para i) enviar informaci\u00f3n o publicidad sobre nuestros productos; ii) invitarlo a participar en nuestros concursos, entre otras actividades o eventos; e, iii) invitarlo a completar nuestras encuestas de satisfacci\u00f3n. En este caso almacenaremos sus datos personales por un plazo indeterminado o hasta que decida revocar esta autorizaci\u00f3n. Dicha informaci\u00f3n ser\u00e1 almacenada en el banco de datos personales denominado \u201cClientes\u201d.<\/p>\n<p>La marcaci\u00f3n de que ha le\u00eddo y acepta estas condiciones de tratamiento es obligatoria para utilizar los formularios web antes indicados, salvo la autorizaci\u00f3n para remisi\u00f3n de marketing y prospecci\u00f3n comercial, que es facultativa.<\/p>\n<p>&nbsp;<\/p>\n<p><strong>4. Encargo y Transferencia<\/strong><\/p>\n<p>Podemos proporcionar sus datos personales a terceros (como nuestros socios comerciales, administradores de p\u00e1ginas web y managers de cuentas en redes sociales, servicios de mensajer\u00eda, transportes, etc.) que nos ayudan a mantener y administrar este u otros sitios (incluyendo pero no limit\u00e1ndose a la p\u00e1gina web y cuentas que Silkeborg mantiene en redes sociales), y a realizar las actividades necesarias para el cumplimiento de las finalidades antes descritas para las que ha consentido el tratamiento de sus datos personales. Es posible que estos terceros se ubiquen en un territorio distinto al nacional.<\/p>\n<p>Tambi\u00e9n podemos facilitar sus datos personales a organismos de la Administraci\u00f3n P\u00fablica y autoridades competentes si somos requeridos de hacerlo en virtud de obligaciones establecidas en ley. En algunos casos, debemos tambi\u00e9n proporcionar su informaci\u00f3n personal a las referidas entidades con objeto del desarrollo de un proceso legal, judicial y\/o administrativo, conforme a ley.<\/p>\n<p>La relaci\u00f3n de terceros se encuentra detallada en el <strong>ANEXO I<\/strong> de esta Pol\u00edtica.<\/p>\n<p>&nbsp;<\/p>\n<p><strong>5. Ejercicio de sus derechos como titular de datos personales.<\/strong><\/p>\n<p>Usted puede revocar su consentimiento o ejercer sus derechos que como titular de datos personales le asisten (acceso, rectificaci\u00f3n, cancelaci\u00f3n, oposici\u00f3n, informaci\u00f3n o revocaci\u00f3n), de manera gratuita. Para tal efecto, los clientes y\/o usuarios pueden enviar una comunicaci\u00f3n a info@silkeborg-peru con la referencia: \u201cPrivacidad de datos\u201d. En caso considere que sus derechos no han sido debidamente atendidos puede presentar una reclamaci\u00f3n ante la Autoridad Nacional de Protecci\u00f3n de Datos a trav\u00e9s de su sitio web:<span style=\"color: #0000ff;\"> <a style=\"color: #0000ff;\" href=\"https:\/\/www.gob.pe\/9271-denunciar-el-mal-uso-de-datos-personales\">https:\/\/www.gob.pe\/9271-denunciar-el-mal-uso-de-datos-personales<\/a><\/span><\/p>\n<p>&nbsp;<\/p>\n<p><strong>6. Modificaciones a la presente pol\u00edtica de privacidad.<\/strong><\/p>\n<p>Con motivo de la mejora continua de nuestros procesos, Silkeborg podr\u00e1 realizar modificaciones y correcciones a esta Pol\u00edtica de Privacidad, a los cuales usted da su conformidad.<\/p>\n<p>Por favor, verifique estos t\u00e9rminos regularmente para consultar los cambios que puedan haber existido.<\/p>\n<p>&nbsp;<\/p>\n<p><strong>7. Cookies<\/strong><\/p>\n<p><strong>\u00a0<\/strong>Esta p\u00e1gina utiliza cookies, las cuales son estrictamente esenciales para que nuestra web funcione adecuadamente, y por ello no pueden ser rechazadas. Si usted utiliza nuestro sitio web consideramos que acepta su uso. Actualmente utilizamos las siguientes cookies de tipo necesaria:<\/p>\n<p>&nbsp;<\/p>\n<table>\n<tbody>\n<tr>\n<td width=\"146\">\n<p><strong>DENOMINACI\u00d3N<\/strong><\/p>\n<\/td>\n<td width=\"157\">\n<p><strong>FUNCIONABILIDAD<\/strong><\/p>\n<\/td>\n<td width=\"143\">\n<p><strong>CADUCIDAD<\/strong><\/p>\n<\/td>\n<td width=\"142\">\n<p><strong>TIPO<\/strong><\/p>\n<\/td>\n<\/tr>\n<tr>\n<td width=\"146\">\n<p><strong>wc_cart_hash_#<\/strong><\/p>\n<\/td>\n<td width=\"157\">\n<p>Guarda informaci\u00f3n del carro de compras<\/p>\n<\/td>\n<td width=\"143\">\n<p>PERSISTENTE<\/p>\n<\/td>\n<td width=\"142\">\n<p>NECESARIA<\/p>\n<\/td>\n<\/tr>\n<tr>\n<td width=\"146\">\n<p><strong>wc_fragments_#<\/strong><\/p>\n<\/td>\n<td width=\"157\">\n<p>SIN CLASIFICAR<\/p>\n<\/td>\n<td width=\"143\">\n<p>SESI\u00d3N (se eliminan al cerrar el sitio)<\/p>\n<\/td>\n<td width=\"142\">\n<p>NECESARIA<\/p>\n<\/td>\n<\/tr>\n<\/tbody>\n<\/table>\n<p>&nbsp;<\/p>\n<p><strong>ANEXO 1: TERCEROS<\/strong><\/p>\n<p>&nbsp;<\/p>\n<table>\n<tbody>\n<tr>\n<td width=\"196\">\n<p><strong>EMPRESA<\/strong><\/p>\n<\/td>\n<td width=\"196\">\n<p><strong>DOMICILIO\/PA\u00cdS<\/strong><\/p>\n<\/td>\n<td width=\"196\">\n<p><strong>FINALIDAD \/ FUNCI\u00d3N O ROL QUE CUMPLEN<\/strong><\/p>\n<\/td>\n<\/tr>\n<tr>\n<td width=\"196\">\n<p>DIGITAL OCEAN LLC<\/p>\n<\/td>\n<td width=\"196\">\n<p>ESTADOS \u00daNIDOS<\/p>\n<\/td>\n<td width=\"196\">\n<p>Brinda el servicio de almacenamiento web en sus servidores.<\/p>\n<\/td>\n<\/tr>\n<tr>\n<td width=\"196\">\n<p>KINSTA INC<\/p>\n<\/td>\n<td width=\"196\">\n<p>ESTADOS \u00daNIDOS<\/p>\n<\/td>\n<td width=\"196\">\n<p>Brinda el servicio de almacenamiento web en sus servidores.<\/p>\n<\/td>\n<\/tr>\n<tr>\n<td width=\"196\">\n<p>ENOVA AGENCY S.A.C<\/p>\n<\/td>\n<td width=\"196\">\n<p>Calle Brea y Pari\u00f1as 102, Santiago de Surco, Lima.<\/p>\n<\/td>\n<td width=\"196\">\n<p>Brinda el servicio en el desarrollo de tiendas web y su mantenimiento.<\/p>\n<\/td>\n<\/tr>\n<tr>\n<td width=\"196\">\n<p>OLVA COURIER S.A.C<\/p>\n<\/td>\n<td width=\"196\">\n<p>&nbsp;<\/p>\n<p>Av. Avenida Argentina 4458 \u2013 Callao<\/p>\n<\/td>\n<td width=\"196\">\n<p>Brinda el servicio de transporte de encomiendas nacionales<\/p>\n<\/td>\n<\/tr>\n<tr>\n<td width=\"196\">\n<p>DHL EXPRESS PERU S.A.C<\/p>\n<\/td>\n<td width=\"196\">\n<p>Calle 1 Mz. F Lote 2B-2C Urb.Bocanegra<\/p>\n<p>Callao &#8211; Lima<\/p>\n<\/td>\n<td width=\"196\">\n<p>Brinda el servicio de transporte de encomiendas internacionales<\/p>\n<\/td>\n<\/tr>\n<tr>\n<td width=\"196\">\n<p>CHOICE AIR COURIER DEL PERU S.A.C<\/p>\n<\/td>\n<td width=\"196\">\n<p>Av. Alcides Vigo Hurtado Mz. C Lt. N\u00b030 Urb. COOPIP<\/p>\n<p>San Martin de Porres, Lima<\/p>\n<\/td>\n<td width=\"196\">\n<p>Brinda el servicio de transporte de encomiendas internacionales<\/p>\n<\/td>\n<\/tr>\n<tr>\n<td width=\"196\">\n<p>DSV AIR &amp; SEA S.A.<\/p>\n<\/td>\n<td width=\"196\">\n<p>Calle Amador Merino Reyna 281 Off. 201 | Lima<\/p>\n<\/td>\n<td width=\"196\">\n<p>Brinda el servicio de transporte de encomiendas internacionales<\/p>\n<\/td>\n<\/tr>\n<tr>\n<td width=\"196\">\n<p>GARC\u00cdA PERSICO S.A.C<\/p>\n<\/td>\n<td width=\"196\">\n<p>Av. Saenz Pe\u00f1a N\u00b01836, Callao.<\/p>\n<\/td>\n<td width=\"196\">\n<p>Brinda el servicio de tr\u00e1mites aduaneros<\/p>\n<\/td>\n<\/tr>\n<tr>\n<td width=\"196\">\n<p>G&amp;M SOPORTE Y SOLUCIONES S.A.C<\/p>\n<\/td>\n<td width=\"196\">\n<p>Av. Mariscal Ram\u00f3n Castilla 235, Santiago de Surco, Lima.<\/p>\n<\/td>\n<td width=\"196\">\n<p>Brinda el servicio de software ERP.<\/p>\n<\/td>\n<\/tr>\n<\/tbody>\n<\/table>\n<p>&nbsp;<\/p>\n","protected":false},"excerpt":{"rendered":"<p>Silkeborg Uldspinderi S.A.C, (en adelante Silkeborg), RUC: 20543861333, con domicilio en Calle Francisco del Castillo N\u00b0 480, Miraflores, Lima Metropolitana, Lima, Peru. Respeta su derecho a la privacidad on-line cuando&hellip;<\/p>\n","protected":false},"author":1,"featured_media":0,"parent":0,"menu_order":0,"comment_status":"closed","ping_status":"open","template":"","meta":{"footnotes":""},"class_list":["post-3","page","type-page","status-publish","hentry"],"_links":{"self":[{"href":"https:\/\/tienda.silkeborg-peru.com\/es\/wp-json\/wp\/v2\/pages\/3","targetHints":{"allow":["GET"]}}],"collection":[{"href":"https:\/\/tienda.silkeborg-peru.com\/es\/wp-json\/wp\/v2\/pages"}],"about":[{"href":"https:\/\/tienda.silkeborg-peru.com\/es\/wp-json\/wp\/v2\/types\/page"}],"author":[{"embeddable":true,"href":"https:\/\/tienda.silkeborg-peru.com\/es\/wp-json\/wp\/v2\/users\/1"}],"replies":[{"embeddable":true,"href":"https:\/\/tienda.silkeborg-peru.com\/es\/wp-json\/wp\/v2\/comments?post=3"}],"version-history":[{"count":3,"href":"https:\/\/tienda.silkeborg-peru.com\/es\/wp-json\/wp\/v2\/pages\/3\/revisions"}],"predecessor-version":[{"id":1308888,"href":"https:\/\/tienda.silkeborg-peru.com\/es\/wp-json\/wp\/v2\/pages\/3\/revisions\/1308888"}],"wp:attachment":[{"href":"https:\/\/tienda.silkeborg-peru.com\/es\/wp-json\/wp\/v2\/media?parent=3"}],"curies":[{"name":"wp","href":"https:\/\/api.w.org\/{rel}","templated":true}]}}