{"id":3523,"date":"2021-03-12T21:05:08","date_gmt":"2021-03-13T02:05:08","guid":{"rendered":"https:\/\/tienda.silkeborg-peru.com\/?page_id=3523"},"modified":"2025-01-24T12:58:56","modified_gmt":"2025-01-24T17:58:56","slug":"fibras","status":"publish","type":"page","link":"https:\/\/tienda.silkeborg-peru.com\/es\/fibras\/","title":{"rendered":"Fibras"},"content":{"rendered":"<p>[vc_row gap=\u00bb30&#8243; content_placement=\u00bbmiddle\u00bb][vc_column width=\u00bb1\/2&#8243;][vc_column_text el_class=\u00bbsection1-title&#8211;fibers\u00bb]Conoce mas sobre nuestras<\/p>\n<h1><strong>Fibras de Alpaca<\/strong><\/h1>\n<p>[\/vc_column_text][\/vc_column][vc_column width=\u00bb1\/2&#8243;][vc_single_image image=\u00bb1310834&#8243; img_size=\u00bblarge\u00bb el_class=\u00bbmb0&#8243;][\/vc_column][\/vc_row][vc_row gap=\u00bb30&#8243; content_placement=\u00bbmiddle\u00bb el_class=\u00bbreverse1&#8211;fibers\u00bb][vc_column width=\u00bb1\/2&#8243;][vc_single_image image=\u00bb1310836&#8243; img_size=\u00bblarge\u00bb el_class=\u00bbmb0&#8243;][\/vc_column][vc_column width=\u00bb1\/2&#8243;][vc_column_text el_class=\u00bbinfo&#8211;static-page\u00bb]<\/p>\n<p class=\"p1\">Las alpacas (Lama pacos) son una de las especies m\u00e1s hermosas y elegantes de la Tierra. Es un cam\u00e9lido sudamericano relacionado con las llamas, guanacos y vicu\u00f1as. Las alpacas han sido el tesoro de los Andes desde hace m\u00e1s de 6000 a\u00f1os. La regi\u00f3n peruana es la que actualmente alberga la mayor poblaci\u00f3n de alpacas del mundo.<\/p>\n<p>[\/vc_column_text][\/vc_column][\/vc_row][vc_row gap=\u00bb30&#8243; content_placement=\u00bbmiddle\u00bb el_class=\u00bbreverse2&#8211;fibers\u00bb][vc_column width=\u00bb1\/2&#8243;][vc_column_text el_class=\u00bbinfo&#8211;static-page\u00bb]<\/p>\n<p class=\"p1\">La alpaca vive en el techo del mundo, en los Andes, en altitudes que van desde los 3.500 hasta m\u00e1s de 4.500 metros sobre el nivel del mar. Se adapta a temperaturas que oscilan entre -20\u00b0C y +30\u00b0C en menos de 24 horas. La alpaca lo afronta con su pelaje, que se compone de suaves fibras llenas de aire que a\u00edslan tanto del calor como del fr\u00edo.<\/p>\n<p>[\/vc_column_text][\/vc_column][vc_column width=\u00bb1\/2&#8243;][vc_single_image image=\u00bb1310842&#8243; img_size=\u00bblarge\u00bb el_class=\u00bbmb0&#8243;][\/vc_column][\/vc_row][vc_row gap=\u00bb30&#8243; content_placement=\u00bbmiddle\u00bb el_class=\u00bbreverse1&#8211;fibers\u00bb][vc_column width=\u00bb1\/2&#8243;][vc_single_image image=\u00bb1310840&#8243; img_size=\u00bblarge\u00bb el_class=\u00bbmb0&#8243;][\/vc_column][vc_column width=\u00bb1\/2&#8243;][vc_column_text el_class=\u00bbinfo&#8211;static-page\u00bb]<\/p>\n<p class=\"p1\">El vell\u00f3n de alpaca, esquilado cada primavera, tiene hasta 22 colores naturales que van desde el blanco hasta tonos de gris, marr\u00f3n y negro. El vell\u00f3n de alpaca act\u00faa como un termostato natural que te mantiene a una temperatura constante. Es naturalmente hipoalerg\u00e9nico (sin lanolina), no pica, no retiene agua y no es inflamable.<\/p>\n<p>[\/vc_column_text][\/vc_column][\/vc_row][vc_row gap=\u00bb30&#8243; content_placement=\u00bbmiddle\u00bb el_class=\u00bbreverse2&#8211;fibers\u00bb][vc_column width=\u00bb1\/2&#8243;][vc_column_text el_class=\u00bbinfo&#8211;static-page\u00bb]<\/p>\n<p class=\"p1\">El hilo utilizado en nuestros productos se obtiene de las partes m\u00e1s finas del vell\u00f3n. La alpaca baby y la alpaca Premium, ambas utilizadas en nuestros productos, tienen varias propiedades destacadas: ligera, duradera y vers\u00e1til.<\/p>\n<p>[\/vc_column_text][\/vc_column][vc_column width=\u00bb1\/2&#8243;][vc_single_image image=\u00bb1310838&#8243; img_size=\u00bblarge\u00bb el_class=\u00bbmb0&#8243;][\/vc_column][\/vc_row][vc_row gap=\u00bb30&#8243; content_placement=\u00bbmiddle\u00bb el_class=\u00bbreverse1&#8211;fibers\u00bb css=\u00bb.vc_custom_1736801477651{padding-bottom: 80px !important;}\u00bb][vc_column width=\u00bb1\/2&#8243;][vc_single_image image=\u00bb1310999&#8243; img_size=\u00bbfull\u00bb el_class=\u00bbmb0&#8243;][\/vc_column][vc_column width=\u00bb1\/2&#8243;][vc_column_text el_class=\u00bbinfo&#8211;static-page\u00bb]<\/p>\n<p class=\"p1\">Silkeborg Uldspinderi ha transferido suavemente esta capacidad \u00fanica a sus productos de lana de alpaca con otras dos caracter\u00edsticas destacables: suavidad y flexibilidad.<\/p>\n<p>[\/vc_column_text][\/vc_column][\/vc_row][vc_row][vc_column el_class=\u00bbnewsletter-wrapper&#8211;legal\u00bb][vc_column_text el_class=\u00bbtitle-newsletter&#8211;legal\u00bb]<\/p>\n<h1 style=\"text-align: center;\">Reg\u00edstrate en nuestro<br \/>\nnewsletter<\/h1>\n<p>[\/vc_column_text]\n<div class=\"wpcf7 no-js\" id=\"wpcf7-f249-o1\" lang=\"es-ES\" dir=\"ltr\" data-wpcf7-id=\"249\">\n<div class=\"screen-reader-response\"><p role=\"status\" aria-live=\"polite\" aria-atomic=\"true\"><\/p> <ul><\/ul><\/div>\n<form action=\"\/es\/wp-json\/wp\/v2\/pages\/3523#wpcf7-f249-o1\" method=\"post\" class=\"wpcf7-form init\" aria-label=\"Formulario de contacto\" novalidate=\"novalidate\" data-status=\"init\">\n<fieldset class=\"hidden-fields-container\"><input type=\"hidden\" name=\"_wpcf7\" value=\"249\" \/><input type=\"hidden\" name=\"_wpcf7_version\" value=\"6.1.5\" \/><input type=\"hidden\" name=\"_wpcf7_locale\" value=\"es_ES\" \/><input type=\"hidden\" name=\"_wpcf7_unit_tag\" value=\"wpcf7-f249-o1\" \/><input type=\"hidden\" name=\"_wpcf7_container_post\" value=\"0\" \/><input type=\"hidden\" name=\"_wpcf7_posted_data_hash\" value=\"\" \/>\n<\/fieldset>\n<div class=\"form-newsletter-legal\">\n\t<p><span class=\"wpcf7-form-control-wrap\" data-name=\"Email\"><input size=\"40\" maxlength=\"400\" class=\"wpcf7-form-control wpcf7-email wpcf7-validates-as-required wpcf7-text wpcf7-validates-as-email\" aria-required=\"true\" aria-invalid=\"false\" placeholder=\"Ingresa tu email\" value=\"\" type=\"email\" name=\"Email\" \/><\/span><br \/>\n<input class=\"wpcf7-form-control wpcf7-submit has-spinner\" type=\"submit\" value=\"Enviar\" \/>\n\t<\/p>\n<\/div>\n<div class=\"form-wrapper-legal\">\n\t<p><span class=\"wpcf7-form-control-wrap\" data-name=\"Terminos\"><span class=\"wpcf7-form-control wpcf7-acceptance\"><span class=\"wpcf7-list-item\"><label><input type=\"checkbox\" name=\"Terminos\" value=\"1\" aria-invalid=\"false\" \/><span class=\"wpcf7-list-item-label\">Acepto los <a href=\"\/terminos-y-condiciones\" target=\"_blank\">T\u00e9rminos y Condiciones<\/a> de Silkeborg Uldspinderi.<\/span><\/label><\/span><\/span><\/span>\n\t<\/p>\n<\/div><div class=\"wpcf7-response-output\" aria-hidden=\"true\"><\/div>\n<\/form>\n<\/div>\n[\/vc_column][\/vc_row]<\/p>\n","protected":false},"excerpt":{"rendered":"<p>[vc_row gap=\u00bb30&#8243; content_placement=\u00bbmiddle\u00bb][vc_column width=\u00bb1\/2&#8243;][vc_column_text el_class=\u00bbsection1-title&#8211;fibers\u00bb]Conoce mas sobre nuestras Fibras de Alpaca [\/vc_column_text][\/vc_column][vc_column width=\u00bb1\/2&#8243;][vc_single_image image=\u00bb1310834&#8243; img_size=\u00bblarge\u00bb el_class=\u00bbmb0&#8243;][\/vc_column][\/vc_row][vc_row gap=\u00bb30&#8243; content_placement=\u00bbmiddle\u00bb el_class=\u00bbreverse1&#8211;fibers\u00bb][vc_column width=\u00bb1\/2&#8243;][vc_single_image image=\u00bb1310836&#8243; img_size=\u00bblarge\u00bb el_class=\u00bbmb0&#8243;][\/vc_column][vc_column width=\u00bb1\/2&#8243;][vc_column_text el_class=\u00bbinfo&#8211;static-page\u00bb] Las alpacas (Lama pacos) son&hellip;<\/p>\n","protected":false},"author":1,"featured_media":0,"parent":0,"menu_order":0,"comment_status":"closed","ping_status":"closed","template":"","meta":{"footnotes":""},"class_list":["post-3523","page","type-page","status-publish","hentry"],"_links":{"self":[{"href":"https:\/\/tienda.silkeborg-peru.com\/es\/wp-json\/wp\/v2\/pages\/3523","targetHints":{"allow":["GET"]}}],"collection":[{"href":"https:\/\/tienda.silkeborg-peru.com\/es\/wp-json\/wp\/v2\/pages"}],"about":[{"href":"https:\/\/tienda.silkeborg-peru.com\/es\/wp-json\/wp\/v2\/types\/page"}],"author":[{"embeddable":true,"href":"https:\/\/tienda.silkeborg-peru.com\/es\/wp-json\/wp\/v2\/users\/1"}],"replies":[{"embeddable":true,"href":"https:\/\/tienda.silkeborg-peru.com\/es\/wp-json\/wp\/v2\/comments?post=3523"}],"version-history":[{"count":15,"href":"https:\/\/tienda.silkeborg-peru.com\/es\/wp-json\/wp\/v2\/pages\/3523\/revisions"}],"predecessor-version":[{"id":1311002,"href":"https:\/\/tienda.silkeborg-peru.com\/es\/wp-json\/wp\/v2\/pages\/3523\/revisions\/1311002"}],"wp:attachment":[{"href":"https:\/\/tienda.silkeborg-peru.com\/es\/wp-json\/wp\/v2\/media?parent=3523"}],"curies":[{"name":"wp","href":"https:\/\/api.w.org\/{rel}","templated":true}]}}