{"id":1255805,"date":"2023-07-17T16:36:17","date_gmt":"2023-07-17T21:36:17","guid":{"rendered":"https:\/\/tienda.silkeborg-peru.com\/p\/manta-100-lana-rws-secret-col-2214-ocher-caramel\/"},"modified":"2026-04-22T11:37:40","modified_gmt":"2026-04-22T16:37:40","slug":"manta-100-lana-rws-secret-col-2214-ocher-caramel","status":"publish","type":"product","link":"https:\/\/tienda.silkeborg-peru.com\/es\/p\/manta-100-lana-rws-secret-col-2214-ocher-caramel\/","title":{"rendered":"Manta 100% Lana RWS Secret col.2214"},"content":{"rendered":"<p>Secret es nuestra primera manta tejida en 100% lana certificada RWS.<\/p>\n<p>La manta Secret crea un ambiente elegante y simple con la posibilidad de m\u00faltiples expresiones, gracias a su dise\u00f1o de dos colores. Los flecos siguen los colores, a\u00f1adiendo un delicado contraste, mientras que el Tejidas diagonal en los lados da a la manta un dise\u00f1o \u00fanico y flexible.<\/p>\n","protected":false},"excerpt":{"rendered":"<p>Mostaza \/ Caramelo<\/p>\n","protected":false},"featured_media":1257180,"comment_status":"closed","ping_status":"closed","template":"","meta":[],"product_brand":[],"product_cat":[159,185,160],"product_tag":[],"class_list":{"0":"post-1255805","1":"product","2":"type-product","3":"status-publish","4":"has-post-thumbnail","6":"product_cat-lana-rws","7":"product_cat-mantas-es","8":"product_cat-secret","9":"pa_design-secret-es","10":"pa_material-lana-rws","11":"pa_size-130x175-190cm-es","13":"first","14":"instock","15":"taxable","16":"shipping-taxable","17":"purchasable","18":"product-type-simple"},"wcpa_form_fields":null,"_links":{"self":[{"href":"https:\/\/tienda.silkeborg-peru.com\/es\/wp-json\/wp\/v2\/product\/1255805","targetHints":{"allow":["GET"]}}],"collection":[{"href":"https:\/\/tienda.silkeborg-peru.com\/es\/wp-json\/wp\/v2\/product"}],"about":[{"href":"https:\/\/tienda.silkeborg-peru.com\/es\/wp-json\/wp\/v2\/types\/product"}],"replies":[{"embeddable":true,"href":"https:\/\/tienda.silkeborg-peru.com\/es\/wp-json\/wp\/v2\/comments?post=1255805"}],"wp:featuredmedia":[{"embeddable":true,"href":"https:\/\/tienda.silkeborg-peru.com\/es\/wp-json\/wp\/v2\/media\/1257180"}],"wp:attachment":[{"href":"https:\/\/tienda.silkeborg-peru.com\/es\/wp-json\/wp\/v2\/media?parent=1255805"}],"wp:term":[{"taxonomy":"product_brand","embeddable":true,"href":"https:\/\/tienda.silkeborg-peru.com\/es\/wp-json\/wp\/v2\/product_brand?post=1255805"},{"taxonomy":"product_cat","embeddable":true,"href":"https:\/\/tienda.silkeborg-peru.com\/es\/wp-json\/wp\/v2\/product_cat?post=1255805"},{"taxonomy":"product_tag","embeddable":true,"href":"https:\/\/tienda.silkeborg-peru.com\/es\/wp-json\/wp\/v2\/product_tag?post=1255805"}],"curies":[{"name":"wp","href":"https:\/\/api.w.org\/{rel}","templated":true}]}}