{"id":1310391,"date":"2024-10-29T10:52:17","date_gmt":"2024-10-29T15:52:17","guid":{"rendered":"https:\/\/tienda.silkeborg-peru.com\/p\/manta-100-lana-rws-secret-col-2215-coral-amber\/"},"modified":"2025-11-27T14:45:03","modified_gmt":"2025-11-27T19:45:03","slug":"manta-100-lana-rws-secret-col-2215-coral-amber","status":"publish","type":"product","link":"https:\/\/tienda.silkeborg-peru.com\/es\/p\/manta-100-lana-rws-secret-col-2215-coral-amber\/","title":{"rendered":"Manta 100% Lana RWS Secret col.2215"},"content":{"rendered":"<p>Secret es nuestra primera manta tejida con lana 100% certificada RWS.<\/p>\n<p>La colcha Secret crea un ambiente sencillo y elegante con la posibilidad de m\u00faltiples expresiones, gracias a su dise\u00f1o bicolor. Los flecos siguen los colores, a\u00f1adiendo un delicado contraste, mientras que el tejido diagonal en un lado confiere a la manta un dise\u00f1o \u00fanico y flexible.<\/p>\n","protected":false},"excerpt":{"rendered":"<p>Coral\/\u00c1mbar<\/p>\n","protected":false},"featured_media":1310386,"comment_status":"closed","ping_status":"closed","template":"","meta":[],"product_brand":[],"product_cat":[159,185,160],"product_tag":[],"class_list":{"0":"post-1310391","1":"product","2":"type-product","3":"status-publish","4":"has-post-thumbnail","6":"product_cat-lana-rws","7":"product_cat-mantas-es","8":"product_cat-secret","9":"pa_design-secret-es","10":"pa_material-lana-rws","11":"pa_size-130x175-190cm-es","13":"first","14":"instock","15":"taxable","16":"shipping-taxable","17":"purchasable","18":"product-type-simple"},"wcpa_form_fields":null,"_links":{"self":[{"href":"https:\/\/tienda.silkeborg-peru.com\/es\/wp-json\/wp\/v2\/product\/1310391","targetHints":{"allow":["GET"]}}],"collection":[{"href":"https:\/\/tienda.silkeborg-peru.com\/es\/wp-json\/wp\/v2\/product"}],"about":[{"href":"https:\/\/tienda.silkeborg-peru.com\/es\/wp-json\/wp\/v2\/types\/product"}],"replies":[{"embeddable":true,"href":"https:\/\/tienda.silkeborg-peru.com\/es\/wp-json\/wp\/v2\/comments?post=1310391"}],"wp:featuredmedia":[{"embeddable":true,"href":"https:\/\/tienda.silkeborg-peru.com\/es\/wp-json\/wp\/v2\/media\/1310386"}],"wp:attachment":[{"href":"https:\/\/tienda.silkeborg-peru.com\/es\/wp-json\/wp\/v2\/media?parent=1310391"}],"wp:term":[{"taxonomy":"product_brand","embeddable":true,"href":"https:\/\/tienda.silkeborg-peru.com\/es\/wp-json\/wp\/v2\/product_brand?post=1310391"},{"taxonomy":"product_cat","embeddable":true,"href":"https:\/\/tienda.silkeborg-peru.com\/es\/wp-json\/wp\/v2\/product_cat?post=1310391"},{"taxonomy":"product_tag","embeddable":true,"href":"https:\/\/tienda.silkeborg-peru.com\/es\/wp-json\/wp\/v2\/product_tag?post=1310391"}],"curies":[{"name":"wp","href":"https:\/\/api.w.org\/{rel}","templated":true}]}}