{"id":820712,"date":"2022-04-09T22:56:40","date_gmt":"2022-04-10T03:56:40","guid":{"rendered":"https:\/\/tienda.silkeborg-peru.com\/p\/manta-perchada-100-alpaca-trujillo-premium-col-2230\/"},"modified":"2026-03-27T10:51:39","modified_gmt":"2026-03-27T15:51:39","slug":"manta-perchada-100-alpaca-pedro-premium-col-2230","status":"publish","type":"product","link":"https:\/\/tienda.silkeborg-peru.com\/es\/p\/manta-perchada-100-alpaca-pedro-premium-col-2230\/","title":{"rendered":"Manta perchada 100% alpaca Pedro Premium col.2230"},"content":{"rendered":"<p>Tejida en 100% Premium baby alpaca.<\/p>\n<p>La manta Pedro est\u00e1 hecha en un patr\u00f3n de espiga cl\u00e1sico con desflecado en ambos extremos.<\/p>\n","protected":false},"excerpt":{"rendered":"<p>Rosa Mel\u00f3n<\/p>\n","protected":false},"featured_media":822000,"comment_status":"open","ping_status":"closed","template":"","meta":[],"product_brand":[],"product_cat":[115,185,98],"product_tag":[],"class_list":{"0":"post-820712","1":"product","2":"type-product","3":"status-publish","4":"has-post-thumbnail","6":"product_cat-alpaca-premium","7":"product_cat-mantas-es","8":"product_cat-pedro","9":"pa_design-pedro-es","10":"pa_material-alpaca-premium","11":"pa_size-130x196-200cm-es","12":"wcpa_has_options","14":"first","15":"instock","16":"featured","17":"taxable","18":"shipping-taxable","19":"purchasable","20":"product-type-simple"},"wcpa_form_fields":{"wcpaData":{"product":{"product_price":85,"price_html":"","original_product_price":85,"price_including_tax":85,"price_excluding_tax":85,"product_id":{"parent":820712,"variation":false},"is_variable":false,"stock_status":"instock","stock_quantity":5,"parent_sku":"470200009","product_attributes":{"pa_size":{"is_variation":false,"values":["130x196-200cm-es"]},"pa_material":{"is_variation":false,"values":["alpaca-premium"]},"pa_design":{"is_variation":false,"values":["pedro-es"]},"pa_care-instructions":{"is_variation":false,"values":["lavado-en-seco"]}},"custom_fields":[],"is_taxable":true,"product_name":"Manta perchada 100% alpaca Pedro Premium col.2230","hasImage":false},"fields":{"sec_86859a788932fa":{"extra":{"key":"sec_86859a788932fa","section_id":"sec_86859a788932fa","name":"Labeling","status":1,"cl_rule":"show","enableCl":false,"relations":[],"toggle":true,"title_tag":"h4","show_title":false,"showPrice":"default","form_id":1325658,"form_rules":{"exclude_from_discount":true,"fee_label":"Fee","disp_hide_options_price":false,"disp_show_section_price":false,"disp_show_field_price":true,"layout_option":"standard","pric_use_as_fee":false,"process_fee_as":"woo_fee"},"layout_option":"standard"},"fields":[[{"active":true,"col":6,"relations":false,"cl_rule":"show","enableCl":false,"price":"","enablePrice":false,"className":"","label_position":"default","desc_position":"default","type":"checkbox","required":false,"elementId":"checkbox_06859a78893307","label":"Etiquetado","name":"checkbox_06859a78893307","value":"","check_value":"Yes","checkUi":"","error":false,"gt_translate_keys":["label","value","check_value"],"price_dependency":false,"cl_dependency":false}],[{"active":true,"col":6,"relations":false,"cl_rule":"show","enableCl":false,"price":"","enablePrice":true,"className":"","label_position":"default","desc_position":"default","type":"select","required":false,"elementId":"select_26859a7889330d","label":"Personalizaci\u00f3n","name":"select_26859a7889330d","values":[{"label":"Sin personalizaci\u00f3n","value":"No transformation is needed","selected":false,"tempId":"aco_58","gt_translate_keys":["label"]},{"label":"Transformar en 4 chalinas de 30x200cm","value":"Transform into 4 scarves of 30x200cm","selected":false,"tempId":"aco_59","price":"29","gt_translate_keys":["label"]},{"label":"Transformar en 2 estolas de 60x200cm","value":"Transform into 2 shawls of 60x200cm","selected":false,"tempId":"aco_60","price":"9","gt_translate_keys":["label"]}],"dropdown_type":"basic","error":false,"priceOptions":"different_for_all","pricingType":"fixed","isTemplate":false,"use_as_fee":false,"enableWeight":false,"gt_translate_keys":["label"],"price_dependency":false,"cl_dependency":false,"value":""}]]},"sec_86859a7889330e":{"extra":{"key":"sec_86859a7889330e","section_id":"sec_86859a7889330e","name":"Default","status":1,"cl_rule":"show","enableCl":false,"relations":[],"toggle":true,"title_tag":"h3","show_title":false,"showPrice":"default","form_id":1325658,"form_rules":{"exclude_from_discount":true,"fee_label":"Fee","disp_hide_options_price":false,"disp_show_section_price":false,"disp_show_field_price":true,"layout_option":"standard","pric_use_as_fee":false,"process_fee_as":"woo_fee"},"layout_option":"standard"},"fields":[]}},"config":{"price_override":"","enable_recaptcha":false,"bind_quantity":false,"quantity_bind_formula":false,"disp_summ_show_option_price":true,"disp_summ_show_product_price":true,"disp_summ_show_total_price":true,"disp_summ_show_fee":false,"disp_summ_show_discount":false,"summary_title":"","options_total_label":"Adicional por personalizaci\u00f3n","total_label":"Total","options_product_label":"Precio del producto","fee_label":"Fee","discount_label":"Discount","has_price":true,"has_quantity_formula":false},"mc_unit":1,"tax_rate":1,"tax_rate_real":0,"discount":{"percentage":0,"fixed":0},"design":{"conf":{"LabelPosition":"above","DescPosition":"above","UploadField":"custom_1","QuantityFieldStyle":"default"},"css":{"LeftLabelWidth":"120px"}},"formulas":[],"lookuptables":[],"clones":false,"cartKey":false}},"_links":{"self":[{"href":"https:\/\/tienda.silkeborg-peru.com\/es\/wp-json\/wp\/v2\/product\/820712","targetHints":{"allow":["GET"]}}],"collection":[{"href":"https:\/\/tienda.silkeborg-peru.com\/es\/wp-json\/wp\/v2\/product"}],"about":[{"href":"https:\/\/tienda.silkeborg-peru.com\/es\/wp-json\/wp\/v2\/types\/product"}],"replies":[{"embeddable":true,"href":"https:\/\/tienda.silkeborg-peru.com\/es\/wp-json\/wp\/v2\/comments?post=820712"}],"wp:featuredmedia":[{"embeddable":true,"href":"https:\/\/tienda.silkeborg-peru.com\/es\/wp-json\/wp\/v2\/media\/822000"}],"wp:attachment":[{"href":"https:\/\/tienda.silkeborg-peru.com\/es\/wp-json\/wp\/v2\/media?parent=820712"}],"wp:term":[{"taxonomy":"product_brand","embeddable":true,"href":"https:\/\/tienda.silkeborg-peru.com\/es\/wp-json\/wp\/v2\/product_brand?post=820712"},{"taxonomy":"product_cat","embeddable":true,"href":"https:\/\/tienda.silkeborg-peru.com\/es\/wp-json\/wp\/v2\/product_cat?post=820712"},{"taxonomy":"product_tag","embeddable":true,"href":"https:\/\/tienda.silkeborg-peru.com\/es\/wp-json\/wp\/v2\/product_tag?post=820712"}],"curies":[{"name":"wp","href":"https:\/\/api.w.org\/{rel}","templated":true}]}}